{"id":820,"date":"2015-12-15T11:22:57","date_gmt":"2015-12-15T14:22:57","guid":{"rendered":"http:\/\/www.telconet.cl\/site\/?page_id=820"},"modified":"2020-07-30T17:30:49","modified_gmt":"2020-07-30T20:30:49","slug":"servicios","status":"publish","type":"page","link":"https:\/\/www.telconet.cl\/corp\/es\/servicios\/","title":{"rendered":"Servicios"},"content":{"rendered":"\n<div class=\"wp-block-cover aligncenter has-background-dim\" style=\"background-image:url(http:\/\/www.telconet.cl\/corp\/wp-content\/uploads\/2019\/06\/oficina-telconet-1-scaled.jpg);min-height:126px;aspect-ratio:unset;\"><div class=\"wp-block-cover__inner-container is-layout-flow wp-block-cover-is-layout-flow\">\n<h2 class=\"has-text-align-center wp-block-heading\"><em><a href=\"https:\/\/www.telconet.cl\/corp\/es\/proyectos-de-ingenieria\/\">Ingenier\u00eda<\/a><\/em><\/h2>\n\n\n\n<p><\/p>\n<\/div><\/div>\n\n\n\n<p> Proyectos de Ingenier\u00eda, Desarrollo, Montaje, Comisionamiento y Puesta en marcha  <\/p>\n\n\n\n<hr class=\"wp-block-separator\"\/>\n\n\n\n<div class=\"wp-block-cover aligncenter has-background-dim\" style=\"background-image:url(http:\/\/www.telconet.cl\/corp\/wp-content\/uploads\/2016\/11\/telconet-desktop_laptop_tablet-600px.jpg);min-height:120px;aspect-ratio:unset;\"><div class=\"wp-block-cover__inner-container is-layout-flow wp-block-cover-is-layout-flow\">\n<h2 class=\"has-text-align-center wp-block-heading\"><strong><em><a href=\"https:\/\/www.telconet.cl\/corp\/es\/programacionweb\/\">Software<\/a><\/em><\/strong><\/h2>\n<\/div><\/div>\n\n\n\n<h4 class=\"wp-block-heading\"><strong>Desarrollo a la medida<\/strong> de alta disponibilidad de misi\u00f3n cr\u00edtica<\/h4>\n\n\n\n<p> Revisa todos los <a href=\"https:\/\/www.telconet.cl\/corp\/es\/sistema-erp-gestion-integral-modulos-software\/\">m\u00f3dulos de software<\/a> de nuestro sistema con m\u00e1s de 7 a\u00f1os en producto con una disponibildiad bianual del 99,99999% <\/p>\n\n\n\n<hr class=\"wp-block-separator\"\/>\n\n\n\n<div class=\"wp-block-cover aligncenter has-background-dim\" style=\"background-image:url(http:\/\/www.telconet.cl\/corp\/wp-content\/uploads\/2015\/11\/DESARROLLO-HMI2-650X275.png);min-height:120px;aspect-ratio:unset;\"><div class=\"wp-block-cover__inner-container is-layout-flow wp-block-cover-is-layout-flow\">\n<h2 class=\"wp-block-heading\"><em><a href=\"https:\/\/www.telconet.cl\/corp\/es\/administracion-de-sistemas-de-control-industrial-scada\/\"> Administraci\u00f3n de Sistemas de Control Industrial SCA<\/a><\/em>DA<\/h2>\n<\/div><\/div>\n\n\n\n<p> Conf\u00ede en Telconet Chile en la Administraci\u00f3n, Mantenimiento y Soporte  24x7x365 de emergencia de sus sistemas de control Industrial de Hardware  y Software, nosotros nos hacemos cargo y aseguramos una disponibilidad  bajo un acuerdo SLA agreement. <\/p>\n\n\n\n<hr class=\"wp-block-separator\"\/>\n\n\n\n<div class=\"wp-block-cover has-background-dim\" style=\"background-image:url(http:\/\/www.telconet.cl\/corp\/wp-content\/uploads\/2017\/04\/telconet-mantenimiento.jpg);min-height:175px;aspect-ratio:unset;\"><div class=\"wp-block-cover__inner-container is-layout-flow wp-block-cover-is-layout-flow\">\n<h2 class=\"has-text-align-left wp-block-heading\"><em><a href=\"https:\/\/www.telconet.cl\/corp\/es\/mantenimiento-industrial-equipos-de-control\/\">Mantenimiento Industrial<\/a><\/em><\/h2>\n<\/div><\/div>\n\n\n\n<p>Sistema de control Industrial SCADA<\/p>\n\n\n\n<p>PLC, Panel Views,, Servidores, Switchs, routers, antenas.<\/p>\n\n\n\n<p>Se considera un servicio de planificado externo o con personal de planta dentro de las instalaciones de la empresa mandante con ingenieros y t\u00e9cnicos especialistas en control autom\u00e1tico, IT, e instrumentaci\u00f3n para el mantenimiento preventivo de equipos de Control tanto a nivel de hardware (servidores, PLC, PanelView, switchs industriales, etc), as\u00ed como para mantener el software del sistema de control HMI standalone o HMI distribuido por sistemas SCADA, realizando tareas de monitoreo, revisi\u00f3n y respaldo de los sistemas cr\u00edticos.<\/p>\n\n\n\n<p><a href=\"\/corp\/es\/nuestra-experiencia-hardware-software-control-industrial-allen-bradley-rockwell\/\">Click aqu\u00ed para Mayor informaci\u00f3n de experiencia Allen Bradley y Rockwell Automation<\/a><\/p>\n\n\n\n<hr class=\"wp-block-separator\"\/>\n\n\n\n<div class=\"wp-block-cover has-background-dim\" style=\"background-image:url(http:\/\/www.telconet.cl\/corp\/wp-content\/uploads\/2014\/02\/telconet-chile-camionetas-1024x284.jpg);min-height:157px;aspect-ratio:unset;\"><div class=\"wp-block-cover__inner-container is-layout-flow wp-block-cover-is-layout-flow\">\n<p><\/p>\n\n\n\n<h2 class=\"wp-block-heading\"><em><a href=\"https:\/\/www.telconet.cl\/corp\/es\/emergencias-scada-24x7\/\">Soporte Industrial<\/a> Emergencias 7x24x365  <\/em><\/h2>\n\n\n\n<p><\/p>\n<\/div><\/div>\n\n\n\n<p><a href=\"https:\/\/www.telconet.cl\/corp\/es\/emergencias-scada-24x7\/\">Mayor informaci\u00f3n de soporte ante emergencias 24&#215;7<\/a> <\/p>\n\n\n\n<p>El servicio considera disponibibilidad de atenci\u00f3n durante los 365 d\u00edas del a\u00f1o con ingenieros de turno especialistas en control autom\u00e1tico\/ IT para soporte v\u00eda remota o en las dependencias del cliente (terreno) con camioneta 4&#215;4 (con equipamiento industrial) disponible durante las 24 horas en caso de emergencia ante p\u00e9rdidas con fallas que afecten la capacidad productiva en sistemas cr\u00edticos permitiendo realizar un diagn\u00f3stico y resoluci\u00f3n en forma oportuna ya sea remota o en terreno.<\/p>\n\n\n\n<hr class=\"wp-block-separator\"\/>\n\n\n\n<div class=\"wp-block-cover has-background-dim\" style=\"background-image:url(http:\/\/www.telconet.cl\/corp\/wp-content\/uploads\/2019\/12\/Telconet-Chile-SkyRouter-Large-OPTv003.jpg);min-height:245px;aspect-ratio:unset;\"><div class=\"wp-block-cover__inner-container is-layout-flow wp-block-cover-is-layout-flow\">\n<h2 class=\"wp-block-heading\"><a href=\"https:\/\/www.telconet.cl\/corp\/es\/soporte-helpdesk\/\">Soporte Helpdesk <\/a><\/h2>\n\n\n\n<h2 class=\"has-text-align-right wp-block-heading\">Soporte Remoto<\/h2>\n<\/div><\/div>\n\n\n\n<p>Nuestro servicio de soporte v\u00eda email ticket ha logrado destacarse al poder revisar bajo este concepto de seguimiento tickets ID autogenerados al momento de ser recepcionado su email validado por nuestro sistema, optimizando el tiempo, seguimiento y la resoluci\u00f3n de la dificultades de nuestros clientes Empresa y su personal en relaci\u00f3n de nuestros servicios prestados en las diferentes especialidades de ingenier\u00eda en automatizaci\u00f3n, inform\u00e1tica, el\u00e9ctrica y telecomunicaciones.<\/p>\n\n\n\n<h2 class=\"wp-block-heading\"><em>Servicios adicionales:<\/em><\/h2>\n\n\n\n<ul class=\"wp-block-list\"><li>Administrador de contrato o jefe de proyectos con experiencia en la industria IT y minera.<\/li><li>Prevencionista de Telconet Chile que garantiza el correcto desempe\u00f1o de las labores en las dependencias de la empresa mandante con plan de prevenci\u00f3n de trabajo, salud, etc.<\/li><li>Camionetas 4&#215;4 equipamiento industrial.<\/li><li>Todas las actividades dentro de las empresas mandantes implican cumplir con todas las exigencias de seguridad y prevenci\u00f3n.<\/li><\/ul>\n","protected":false},"excerpt":{"rendered":"<p>Proyectos de Ingenier\u00eda, Desarrollo, Montaje, Comisionamiento y Puesta en marcha Desarrollo a la medida de alta disponibilidad de misi\u00f3n cr\u00edtica Revisa todos los m\u00f3dulos de software de nuestro sistema con m\u00e1s de 7 a\u00f1os en producto con una disponibildiad bianual del 99,99999% Conf\u00ede en Telconet Chile en la Administraci\u00f3n, Mantenimiento y Soporte 24x7x365 de emergencia [&hellip;]<\/p>\n","protected":false},"author":1,"featured_media":2018,"parent":0,"menu_order":7,"comment_status":"closed","ping_status":"closed","template":"","meta":{"_acf_changed":false,"footnotes":""},"class_list":["post-820","page","type-page","status-publish","has-post-thumbnail","hentry"],"acf":[],"_links":{"self":[{"href":"https:\/\/www.telconet.cl\/corp\/wp-json\/wp\/v2\/pages\/820","targetHints":{"allow":["GET"]}}],"collection":[{"href":"https:\/\/www.telconet.cl\/corp\/wp-json\/wp\/v2\/pages"}],"about":[{"href":"https:\/\/www.telconet.cl\/corp\/wp-json\/wp\/v2\/types\/page"}],"author":[{"embeddable":true,"href":"https:\/\/www.telconet.cl\/corp\/wp-json\/wp\/v2\/users\/1"}],"replies":[{"embeddable":true,"href":"https:\/\/www.telconet.cl\/corp\/wp-json\/wp\/v2\/comments?post=820"}],"version-history":[{"count":32,"href":"https:\/\/www.telconet.cl\/corp\/wp-json\/wp\/v2\/pages\/820\/revisions"}],"predecessor-version":[{"id":2119,"href":"https:\/\/www.telconet.cl\/corp\/wp-json\/wp\/v2\/pages\/820\/revisions\/2119"}],"wp:featuredmedia":[{"embeddable":true,"href":"https:\/\/www.telconet.cl\/corp\/wp-json\/wp\/v2\/media\/2018"}],"wp:attachment":[{"href":"https:\/\/www.telconet.cl\/corp\/wp-json\/wp\/v2\/media?parent=820"}],"curies":[{"name":"wp","href":"https:\/\/api.w.org\/{rel}","templated":true}]}}