{"id":1714,"date":"2019-01-03T13:23:47","date_gmt":"2019-01-03T16:23:47","guid":{"rendered":"http:\/\/www.telconet.cl\/corp\/?page_id=1714"},"modified":"2020-07-24T17:01:13","modified_gmt":"2020-07-24T20:01:13","slug":"suministro","status":"publish","type":"page","link":"https:\/\/www.telconet.cl\/corp\/es\/suministro\/","title":{"rendered":"Suministro"},"content":{"rendered":"<p>Telconet posee gran experiencia especializada en suministro de componentes industriales desde el extranjero (Comercio Exterior) al tener relaciones directas con Fabricantes y Distribuidores oficiales de las m\u00e1s reconocidas marcas en USA, Alemania, Francia, Espa\u00f1a, Brasil, Jap\u00f3n, Korea y China.<\/p>\n<p><img loading=\"lazy\" decoding=\"async\" class=\"size-full wp-image-1720 aligncenter\" src=\"http:\/\/www.telconet.cl\/corp\/wp-content\/uploads\/2019\/01\/IMG_9864.jpg\" alt=\"Telconet Chile Marcas Suministro Schneider, Siemenes, Allen Bradley, Omrom, Wonderware, Ignition, Kepware, Delta, Fluke\" width=\"578\" height=\"396\" srcset=\"https:\/\/www.telconet.cl\/corp\/wp-content\/uploads\/2019\/01\/IMG_9864.jpg 578w, https:\/\/www.telconet.cl\/corp\/wp-content\/uploads\/2019\/01\/IMG_9864-300x206.jpg 300w\" sizes=\"auto, (max-width: 578px) 100vw, 578px\" \/><\/p>\n<p>No dude en consultar y especificar sus requimientos de producto de compra desde el exterior.<\/p>\n<p>Prestamos los siguientes servicios:<\/p>\n<ul>\n<li>B\u00fasqueda de m\u00e1quinas, partes y pieza especializadas a medida en nuestra red de fabricantes.<\/li>\n<li>An\u00e1lisis comparativo de productos fabricados contra certificaciones ISO, CE, \u00a0UL, ROHS, IP, ATEX, IECEx.<\/li>\n<li>An\u00e1lisis de Fabricantes por normas y cumplimientos en calidad de producto y tiempos de entrega.<\/li>\n<li>Servicio de validaci\u00f3n de standard Fabricaci\u00f3n insitu en f\u00e1brica (previo env\u00edo a Chile).<\/li>\n<li>Servicios de gesti\u00f3n de compras internacionales Comex externo especializados en \u00e1reas El\u00e9ctrica, Electr\u00f3nica, Electromec\u00e1nica.<\/li>\n<li>Servicio de dise\u00f1o productos el\u00e9ctricos antiexplosivos ECM ATEX II2GD Ex de IIC T5 Gb, Ex tb IIIC T95\u2103 ECM 17 ATEX 3277 a la medida gabinetes tableros, boneteras, iluminaci\u00f3n led antiexplosivo\u00a0portable para zonas galpones, miner\u00eda, gas, combustibles, se\u00f1al\u00e9tica Salida, ventiladores \u00a0a la medida<\/li>\n<li>Servicio especializado Llave en mano de abastecimiento de compra Internacional con servicio directo Door to Door de compra en suministros en el extranjero de productos por Marca \/ PartNumber con entrega directa final en Chile (facturado).<\/li>\n<li>Servicios de gesti\u00f3n env\u00edos internacionales v\u00eda a\u00e9rea SCL o mar\u00edtimo a puertos Valpara\u00edso, San Antonio, Antofagasta.<\/li>\n<\/ul>\n<p><img loading=\"lazy\" decoding=\"async\" class=\"aligncenter size-full wp-image-1719\" src=\"http:\/\/www.telconet.cl\/corp\/wp-content\/uploads\/2019\/01\/91096231-a0ed-4313-9e2a-072e8d17b008.jpg\" alt=\"\" width=\"568\" height=\"679\" srcset=\"https:\/\/www.telconet.cl\/corp\/wp-content\/uploads\/2019\/01\/91096231-a0ed-4313-9e2a-072e8d17b008.jpg 568w, https:\/\/www.telconet.cl\/corp\/wp-content\/uploads\/2019\/01\/91096231-a0ed-4313-9e2a-072e8d17b008-251x300.jpg 251w\" sizes=\"auto, (max-width: 568px) 100vw, 568px\" \/><\/p>\n<p>\u00a0<\/p>\n<p>\u00a0<\/p>\n<h2>SUMINISTROS ESPECIALIZADOS<\/h2>\n<h3>\u00c1rea el\u00e9ctrica Antiexplosivos Ex ECM 17 ATEX 3277<\/h3>\n<ul>\n<li>Gabinetes de control antiexplosivos<\/li>\n<li>Botoneras control antiexplosivo<\/li>\n<li>Se\u00f1al\u00e9tica industrial de emergencia (EXIT) Salidas<\/li>\n<li>Iluminaci\u00f3n con bater\u00edas de respaldos de emergencia<\/li>\n<li>Iluminaci\u00f3n Led industrial ATEX antiexplosiva<\/li>\n<\/ul>\n<p style=\"text-align: center;\"><a href=\"http:\/\/www.telconet.cl\/corp\/wp-content\/uploads\/2019\/09\/TELCONET-CHILE-CATALOG-LED-ATEX-EXPLOSION-PROOF-1.pdf\"><img loading=\"lazy\" decoding=\"async\" class=\"aligncenter  wp-image-1864\" src=\"http:\/\/www.telconet.cl\/corp\/wp-content\/uploads\/2019\/09\/TELCONET-CHILE-CATALOG-LED-ATEX-EXPLOSION-PROOF-pdf-791x1024.jpg\" alt=\"TELCONET-CHILE-CATALOG-LED-ATEX-EXPLOSION-PROOF-pdf-791x1024\" width=\"247\" height=\"320\" srcset=\"https:\/\/www.telconet.cl\/corp\/wp-content\/uploads\/2019\/09\/TELCONET-CHILE-CATALOG-LED-ATEX-EXPLOSION-PROOF-pdf-791x1024.jpg 791w, https:\/\/www.telconet.cl\/corp\/wp-content\/uploads\/2019\/09\/TELCONET-CHILE-CATALOG-LED-ATEX-EXPLOSION-PROOF-pdf-791x1024-232x300.jpg 232w, https:\/\/www.telconet.cl\/corp\/wp-content\/uploads\/2019\/09\/TELCONET-CHILE-CATALOG-LED-ATEX-EXPLOSION-PROOF-pdf-791x1024-768x994.jpg 768w\" sizes=\"auto, (max-width: 247px) 100vw, 247px\" \/><\/a><a href=\"http:\/\/www.telconet.cl\/corp\/wp-content\/uploads\/2019\/09\/TELCONET-CHILE-CATALOG-LED-ATEX-EXPLOSION-PROOF-1.pdf\">(Descargar cat\u00e1logo Iluminaci\u00f3n ATEX)<\/a><\/p>\n<p>\u00a0<\/p>\n\n\n<ul class=\"wp-block-list\"><li><a href=\"https:\/\/www.telconet.cl\/corp\/es\/caldertech\/\">CALDER TECH &#8211; ELECTROFUSION INDUSTRIAL (DISTRIBUIDOR CHILE)<\/a><\/li><\/ul>\n\n\n\n<figure class=\"wp-block-image\"><a href=\"https:\/\/www.telconet.cl\/corp\/es\/caldertech\/\"><img loading=\"lazy\" decoding=\"async\" width=\"664\" height=\"64\" src=\"https:\/\/www.telconet.cl\/corp\/wp-content\/uploads\/2020\/07\/imagen.png\" alt=\"\" class=\"wp-image-1945\" srcset=\"https:\/\/www.telconet.cl\/corp\/wp-content\/uploads\/2020\/07\/imagen.png 664w, https:\/\/www.telconet.cl\/corp\/wp-content\/uploads\/2020\/07\/imagen-300x29.png 300w\" sizes=\"auto, (max-width: 664px) 100vw, 664px\" \/><\/a><figcaption> <a href=\"https:\/\/www.telconet.cl\/corp\/wp-content\/uploads\/2020\/07\/Caldertech_Product_Catalogue_2020.pdf\">(Descargar Cat\u00e1logo Caldertech)<\/a> <\/figcaption><\/figure>\n\n\n\n<p><\/p>\n\n\n\n<p><\/p>\n\n\n\n<p><\/p>\n","protected":false},"excerpt":{"rendered":"<p>Telconet posee gran experiencia especializada en suministro de componentes industriales desde el extranjero (Comercio Exterior) al tener relaciones directas con Fabricantes y Distribuidores oficiales de las m\u00e1s reconocidas marcas en USA, Alemania, Francia, Espa\u00f1a, Brasil, Jap\u00f3n, Korea y China. No dude en consultar y especificar sus requimientos de producto de compra desde el exterior. Prestamos [&hellip;]<\/p>\n","protected":false},"author":1,"featured_media":0,"parent":0,"menu_order":0,"comment_status":"closed","ping_status":"closed","template":"","meta":{"_acf_changed":false,"footnotes":""},"class_list":["post-1714","page","type-page","status-publish","hentry"],"acf":[],"_links":{"self":[{"href":"https:\/\/www.telconet.cl\/corp\/wp-json\/wp\/v2\/pages\/1714","targetHints":{"allow":["GET"]}}],"collection":[{"href":"https:\/\/www.telconet.cl\/corp\/wp-json\/wp\/v2\/pages"}],"about":[{"href":"https:\/\/www.telconet.cl\/corp\/wp-json\/wp\/v2\/types\/page"}],"author":[{"embeddable":true,"href":"https:\/\/www.telconet.cl\/corp\/wp-json\/wp\/v2\/users\/1"}],"replies":[{"embeddable":true,"href":"https:\/\/www.telconet.cl\/corp\/wp-json\/wp\/v2\/comments?post=1714"}],"version-history":[{"count":10,"href":"https:\/\/www.telconet.cl\/corp\/wp-json\/wp\/v2\/pages\/1714\/revisions"}],"predecessor-version":[{"id":1976,"href":"https:\/\/www.telconet.cl\/corp\/wp-json\/wp\/v2\/pages\/1714\/revisions\/1976"}],"wp:attachment":[{"href":"https:\/\/www.telconet.cl\/corp\/wp-json\/wp\/v2\/media?parent=1714"}],"curies":[{"name":"wp","href":"https:\/\/api.w.org\/{rel}","templated":true}]}}